{"id":1179,"date":"2025-11-11T18:09:45","date_gmt":"2025-11-11T18:09:45","guid":{"rendered":"https:\/\/afoch.cl\/site\/?page_id=1179"},"modified":"2026-01-19T23:40:10","modified_gmt":"2026-01-19T23:40:10","slug":"espacio-socios","status":"publish","type":"page","link":"https:\/\/afoch.cl\/site\/espacio-socios\/","title":{"rendered":"Espacio Socios"},"content":{"rendered":"\t\t<div data-elementor-type=\"wp-page\" data-elementor-id=\"1179\" class=\"elementor elementor-1179\">\n\t\t\t\t<div class=\"elementor-element elementor-element-8ff9a6f e-flex e-con-boxed e-con e-parent\" data-id=\"8ff9a6f\" data-element_type=\"container\" data-e-type=\"container\">\n\t\t\t\t\t<div class=\"e-con-inner\">\n\t\t\t\t<div class=\"elementor-element elementor-element-2693420 elementor-widget elementor-widget-heading\" data-id=\"2693420\" data-element_type=\"widget\" data-e-type=\"widget\" data-widget_type=\"heading.default\">\n\t\t\t\t\t<h2 class=\"elementor-heading-title elementor-size-default\">Herramientas <\/h2>\t\t\t\t<\/div>\n\t\t\t\t\t<\/div>\n\t\t\t\t<\/div>\n\t\t<div class=\"elementor-element elementor-element-f3f4fe0 e-flex e-con-boxed e-con e-parent\" data-id=\"f3f4fe0\" data-element_type=\"container\" data-e-type=\"container\">\n\t\t\t\t\t<div class=\"e-con-inner\">\n\t\t\t\t<div class=\"elementor-element elementor-element-bf169dd elementor-widget elementor-widget-text-editor\" data-id=\"bf169dd\" data-element_type=\"widget\" data-e-type=\"widget\" data-widget_type=\"text-editor.default\">\n\t\t\t\t\t\t\t\t\t<p>Bienvenido a la Base de Conocimiento para Fot\u00f3grafos Profesionales.<\/p><p>Aqu\u00ed encontrar\u00e1s todas tus fichas t\u00e9cnicas, plantillas y e-books.<\/p><p>Estamos constantemente subiendo el material. \u00a1Rev\u00edsalo siempre!<\/p>\t\t\t\t\t\t\t\t<\/div>\n\t\t\t\t<div class=\"elementor-element elementor-element-472d228 elementor-widget elementor-widget-spacer\" data-id=\"472d228\" data-element_type=\"widget\" data-e-type=\"widget\" data-widget_type=\"spacer.default\">\n\t\t\t\t\t\t\t<div class=\"elementor-spacer\">\n\t\t\t<div class=\"elementor-spacer-inner\"><\/div>\n\t\t<\/div>\n\t\t\t\t\t\t<\/div>\n\t\t\t\t\t<\/div>\n\t\t\t\t<\/div>\n\t\t<div class=\"elementor-element elementor-element-c6ca568 e-grid e-con-boxed e-con e-parent\" data-id=\"c6ca568\" data-element_type=\"container\" data-e-type=\"container\" data-settings=\"{&quot;background_background&quot;:&quot;classic&quot;}\">\n\t\t\t\t\t<div class=\"e-con-inner\">\n\t\t\t\t<div class=\"elementor-element elementor-element-3b3ef78 elementor-position-top elementor-widget elementor-widget-image-box\" data-id=\"3b3ef78\" data-element_type=\"widget\" data-e-type=\"widget\" data-widget_type=\"image-box.default\">\n\t\t\t\t\t<div class=\"elementor-image-box-wrapper\"><figure class=\"elementor-image-box-img\"><a href=\"https:\/\/afoch.cl\/site\/wp-content\/uploads\/2025\/12\/Contrato-Modelo-AFOCH.pdf\" tabindex=\"-1\"><img fetchpriority=\"high\" decoding=\"async\" width=\"1080\" height=\"1080\" src=\"https:\/\/afoch.cl\/site\/wp-content\/uploads\/2025\/12\/1.jpg\" class=\"attachment-full size-full wp-image-1320\" alt=\"1\" title=\"Espacio Socios\" srcset=\"https:\/\/afoch.cl\/site\/wp-content\/uploads\/2025\/12\/1.jpg 1080w, https:\/\/afoch.cl\/site\/wp-content\/uploads\/2025\/12\/1-300x300.jpg 300w, https:\/\/afoch.cl\/site\/wp-content\/uploads\/2025\/12\/1-1024x1024.jpg 1024w, https:\/\/afoch.cl\/site\/wp-content\/uploads\/2025\/12\/1-150x150.jpg 150w, https:\/\/afoch.cl\/site\/wp-content\/uploads\/2025\/12\/1-768x768.jpg 768w\" sizes=\"(max-width: 1080px) 100vw, 1080px\" \/><\/a><\/figure><div class=\"elementor-image-box-content\"><h5 class=\"elementor-image-box-title\"><a href=\"https:\/\/afoch.cl\/site\/wp-content\/uploads\/2025\/12\/Contrato-Modelo-AFOCH.pdf\">Modelo de Contrato de Servicios<\/a><\/h5><p class=\"elementor-image-box-description\">El error #1 de los fot\u00f3grafos es trabajar 'de palabra'. Protege tu trabajo, asegura tus pagos y deja claros los derechos de autor desde el primer d\u00eda.\n\nEste modelo, redactado bajo la Ley 17.336 (Chile), cubre los puntos cr\u00edticos: reservas no reembolsables, plazos de entrega, condiciones de alimentaci\u00f3n y uso de imagen. Formato Word editable, listo para poner tu logo y enviar.<\/p><\/div><\/div>\t\t\t\t<\/div>\n\t\t\t\t<div class=\"elementor-element elementor-element-27e1b8a elementor-position-top elementor-widget elementor-widget-image-box\" data-id=\"27e1b8a\" data-element_type=\"widget\" data-e-type=\"widget\" data-widget_type=\"image-box.default\">\n\t\t\t\t\t<div class=\"elementor-image-box-wrapper\"><figure class=\"elementor-image-box-img\"><a href=\"https:\/\/afoch.cl\/site\/wp-content\/uploads\/2025\/12\/COTIZACION-DE-SERVICIOS-PROFESIONALES_AFOCH.xlsx\" tabindex=\"-1\"><img decoding=\"async\" width=\"1080\" height=\"1080\" src=\"https:\/\/afoch.cl\/site\/wp-content\/uploads\/2025\/12\/2.jpg\" class=\"attachment-full size-full wp-image-1321\" alt=\"2\" title=\"Espacio Socios\" srcset=\"https:\/\/afoch.cl\/site\/wp-content\/uploads\/2025\/12\/2.jpg 1080w, https:\/\/afoch.cl\/site\/wp-content\/uploads\/2025\/12\/2-300x300.jpg 300w, https:\/\/afoch.cl\/site\/wp-content\/uploads\/2025\/12\/2-1024x1024.jpg 1024w, https:\/\/afoch.cl\/site\/wp-content\/uploads\/2025\/12\/2-150x150.jpg 150w, https:\/\/afoch.cl\/site\/wp-content\/uploads\/2025\/12\/2-768x768.jpg 768w\" sizes=\"(max-width: 1080px) 100vw, 1080px\" \/><\/a><\/figure><div class=\"elementor-image-box-content\"><h5 class=\"elementor-image-box-title\"><a href=\"https:\/\/afoch.cl\/site\/wp-content\/uploads\/2025\/12\/COTIZACION-DE-SERVICIOS-PROFESIONALES_AFOCH.xlsx\">Plantilla de Presupuestos<\/a><\/h5><p class=\"elementor-image-box-description\">Deja de enviar tus precios por WhatsApp. Una cotizaci\u00f3n desglosada aumenta tu tasa de cierre y justifica tu valor ante el cliente.\n\nEsta plantilla editable (Excel)  calcula subtotales, impuestos y desglosa tus costos de pre y post producci\u00f3n. Dale a tu negocio la imagen profesional que merece y deja de perder dinero por c\u00e1lculos mal hechos.<\/p><\/div><\/div>\t\t\t\t<\/div>\n\t\t\t\t<div class=\"elementor-element elementor-element-17ee067 elementor-position-top elementor-widget elementor-widget-image-box\" data-id=\"17ee067\" data-element_type=\"widget\" data-e-type=\"widget\" data-widget_type=\"image-box.default\">\n\t\t\t\t\t<div class=\"elementor-image-box-wrapper\"><figure class=\"elementor-image-box-img\"><a href=\"https:\/\/afoch.cl\/site\/wp-content\/uploads\/2025\/12\/CHECKLIST-MOCHILA-AFOCH.pdf\" tabindex=\"-1\"><img decoding=\"async\" width=\"1080\" height=\"1080\" src=\"https:\/\/afoch.cl\/site\/wp-content\/uploads\/2025\/12\/3.jpg\" class=\"attachment-full size-full wp-image-1322\" alt=\"3\" title=\"Espacio Socios\" srcset=\"https:\/\/afoch.cl\/site\/wp-content\/uploads\/2025\/12\/3.jpg 1080w, https:\/\/afoch.cl\/site\/wp-content\/uploads\/2025\/12\/3-300x300.jpg 300w, https:\/\/afoch.cl\/site\/wp-content\/uploads\/2025\/12\/3-1024x1024.jpg 1024w, https:\/\/afoch.cl\/site\/wp-content\/uploads\/2025\/12\/3-150x150.jpg 150w, https:\/\/afoch.cl\/site\/wp-content\/uploads\/2025\/12\/3-768x768.jpg 768w\" sizes=\"(max-width: 1080px) 100vw, 1080px\" \/><\/a><\/figure><div class=\"elementor-image-box-content\"><h5 class=\"elementor-image-box-title\"><a href=\"https:\/\/afoch.cl\/site\/wp-content\/uploads\/2025\/12\/CHECKLIST-MOCHILA-AFOCH.pdf\">CHECKLIST MOCHILA DE FOT\u00d3GRAFO<\/a><\/h5><p class=\"elementor-image-box-description\">\u00bfEsa sensaci\u00f3n de p\u00e1nico al pensar que olvidaste la memoria o la bater\u00eda? Desapar\u00e9cela para siempre.\n\nDescarga este Checklist de Verificaci\u00f3n dise\u00f1ado para 4 escenarios: Eventos Sociales, Retrato Exterior, Paisaje y el indispensable 'Kit de Supervivencia'. Impr\u00edmelo, plastif\u00edcalo y gu\u00e1rdalo en tu mochila. Tu paz mental no tiene precio.<\/p><\/div><\/div>\t\t\t\t<\/div>\n\t\t\t\t<div class=\"elementor-element elementor-element-b39deca elementor-align-center elementor-widget elementor-widget-button\" data-id=\"b39deca\" data-element_type=\"widget\" data-e-type=\"widget\" data-widget_type=\"button.default\">\n\t\t\t\t\t\t\t\t\t\t<a class=\"elementor-button elementor-button-link elementor-size-sm\" href=\"https:\/\/afoch.cl\/site\/wp-content\/uploads\/2025\/12\/Contrato-Modelo-AFOCH.pdf\">\n\t\t\t\t\t\t<span class=\"elementor-button-content-wrapper\">\n\t\t\t\t\t\t\t\t\t<span class=\"elementor-button-text\">Proteger mi trabajo<\/span>\n\t\t\t\t\t<\/span>\n\t\t\t\t\t<\/a>\n\t\t\t\t\t\t\t\t<\/div>\n\t\t\t\t<div class=\"elementor-element elementor-element-95ffdf7 elementor-align-center elementor-widget elementor-widget-button\" data-id=\"95ffdf7\" data-element_type=\"widget\" data-e-type=\"widget\" data-widget_type=\"button.default\">\n\t\t\t\t\t\t\t\t\t\t<a class=\"elementor-button elementor-button-link elementor-size-sm\" href=\"https:\/\/afoch.cl\/site\/wp-content\/uploads\/2025\/12\/COTIZACION-DE-SERVICIOS-PROFESIONALES_AFOCH.xlsx\">\n\t\t\t\t\t\t<span class=\"elementor-button-content-wrapper\">\n\t\t\t\t\t\t\t\t\t<span class=\"elementor-button-text\">Descargar Plantilla<\/span>\n\t\t\t\t\t<\/span>\n\t\t\t\t\t<\/a>\n\t\t\t\t\t\t\t\t<\/div>\n\t\t\t\t<div class=\"elementor-element elementor-element-1d7ab89 elementor-align-center elementor-widget elementor-widget-button\" data-id=\"1d7ab89\" data-element_type=\"widget\" data-e-type=\"widget\" data-widget_type=\"button.default\">\n\t\t\t\t\t\t\t\t\t\t<a class=\"elementor-button elementor-button-link elementor-size-sm\" href=\"https:\/\/afoch.cl\/site\/wp-content\/uploads\/2025\/12\/CHECKLIST-MOCHILA-AFOCH.pdf\">\n\t\t\t\t\t\t<span class=\"elementor-button-content-wrapper\">\n\t\t\t\t\t\t\t\t\t<span class=\"elementor-button-text\">Obtener Checklist<\/span>\n\t\t\t\t\t<\/span>\n\t\t\t\t\t<\/a>\n\t\t\t\t\t\t\t\t<\/div>\n\t\t\t\t\t<\/div>\n\t\t\t\t<\/div>\n\t\t<div class=\"elementor-element elementor-element-efb2436 e-grid e-con-boxed e-con e-parent\" data-id=\"efb2436\" data-element_type=\"container\" data-e-type=\"container\" data-settings=\"{&quot;background_background&quot;:&quot;classic&quot;}\">\n\t\t\t\t\t<div class=\"e-con-inner\">\n\t\t\t\t<div class=\"elementor-element elementor-element-53658e8 elementor-position-top elementor-widget elementor-widget-image-box\" data-id=\"53658e8\" data-element_type=\"widget\" data-e-type=\"widget\" data-widget_type=\"image-box.default\">\n\t\t\t\t\t<div class=\"elementor-image-box-wrapper\"><figure class=\"elementor-image-box-img\"><a href=\"https:\/\/afoch.cl\/site\/wp-content\/uploads\/2025\/12\/Hoja-de-Ruta-AFOCH.pdf\" tabindex=\"-1\"><img loading=\"lazy\" decoding=\"async\" width=\"1080\" height=\"1080\" src=\"https:\/\/afoch.cl\/site\/wp-content\/uploads\/2025\/12\/4.jpg\" class=\"attachment-full size-full wp-image-1323\" alt=\"4\" title=\"Espacio Socios\" srcset=\"https:\/\/afoch.cl\/site\/wp-content\/uploads\/2025\/12\/4.jpg 1080w, https:\/\/afoch.cl\/site\/wp-content\/uploads\/2025\/12\/4-300x300.jpg 300w, https:\/\/afoch.cl\/site\/wp-content\/uploads\/2025\/12\/4-1024x1024.jpg 1024w, https:\/\/afoch.cl\/site\/wp-content\/uploads\/2025\/12\/4-150x150.jpg 150w, https:\/\/afoch.cl\/site\/wp-content\/uploads\/2025\/12\/4-768x768.jpg 768w\" sizes=\"(max-width: 1080px) 100vw, 1080px\" \/><\/a><\/figure><div class=\"elementor-image-box-content\"><h5 class=\"elementor-image-box-title\"><a href=\"https:\/\/afoch.cl\/site\/wp-content\/uploads\/2025\/12\/Hoja-de-Ruta-AFOCH.pdf\">Hoja de Ruta De Aficionado a Profesional<\/a><\/h5><p class=\"elementor-image-box-description\">\u00bfTe abruma todo lo que hay que aprender? \u00bfNo sabes si priorizar la t\u00e9cnica, el marketing o el equipo?\n\nOrdena tu cabeza con la Hoja de Ruta Oficial de AFOCH. Un mapa paso a paso que te gu\u00eda desde los fundamentos b\u00e1sicos hasta conseguir tus primeros clientes pagados. \u00dasala para autoevaluarte, detectar qu\u00e9 te falta y avanzar con seguridad.<\/p><\/div><\/div>\t\t\t\t<\/div>\n\t\t\t\t<div class=\"elementor-element elementor-element-55ceebd elementor-position-top elementor-widget elementor-widget-image-box\" data-id=\"55ceebd\" data-element_type=\"widget\" data-e-type=\"widget\" data-widget_type=\"image-box.default\">\n\t\t\t\t\t<div class=\"elementor-image-box-wrapper\"><figure class=\"elementor-image-box-img\"><a href=\"https:\/\/afoch.cl\/site\/wp-content\/uploads\/2025\/12\/Guia-Compras-AFOCH.pdf\" tabindex=\"-1\"><img loading=\"lazy\" decoding=\"async\" width=\"1080\" height=\"1080\" src=\"https:\/\/afoch.cl\/site\/wp-content\/uploads\/2025\/12\/5.jpg\" class=\"attachment-full size-full wp-image-1324\" alt=\"5\" title=\"Espacio Socios\" srcset=\"https:\/\/afoch.cl\/site\/wp-content\/uploads\/2025\/12\/5.jpg 1080w, https:\/\/afoch.cl\/site\/wp-content\/uploads\/2025\/12\/5-300x300.jpg 300w, https:\/\/afoch.cl\/site\/wp-content\/uploads\/2025\/12\/5-1024x1024.jpg 1024w, https:\/\/afoch.cl\/site\/wp-content\/uploads\/2025\/12\/5-150x150.jpg 150w, https:\/\/afoch.cl\/site\/wp-content\/uploads\/2025\/12\/5-768x768.jpg 768w\" sizes=\"(max-width: 1080px) 100vw, 1080px\" \/><\/a><\/figure><div class=\"elementor-image-box-content\"><h5 class=\"elementor-image-box-title\"><a href=\"https:\/\/afoch.cl\/site\/wp-content\/uploads\/2025\/12\/Guia-Compras-AFOCH.pdf\">GU\u00cdA DE COMPRAS<\/a><\/h5><p class=\"elementor-image-box-description\">\u00bfTe abruma todo lo que hay que aprender? \u00bfNo sabes si priorizar la t\u00e9cnica, el marketing o el equipo?\n\nOrdena tu cabeza con la Hoja de Ruta Oficial de AFOCH. Un mapa paso a paso que te gu\u00eda desde los fundamentos b\u00e1sicos hasta conseguir tus primeros clientes pagados. \u00dasala para autoevaluarte, detectar qu\u00e9 te falta y avanzar con seguridad.<\/p><\/div><\/div>\t\t\t\t<\/div>\n\t\t\t\t<div class=\"elementor-element elementor-element-3e1d527 elementor-position-top elementor-widget elementor-widget-image-box\" data-id=\"3e1d527\" data-element_type=\"widget\" data-e-type=\"widget\" data-widget_type=\"image-box.default\">\n\t\t\t\t\t<div class=\"elementor-image-box-wrapper\"><figure class=\"elementor-image-box-img\"><a href=\"https:\/\/afoch.cl\/site\/wp-content\/uploads\/2025\/12\/CHECKLIST-MOCHILA-AFOCH.pdf\" tabindex=\"-1\"><img loading=\"lazy\" decoding=\"async\" width=\"1080\" height=\"1080\" src=\"https:\/\/afoch.cl\/site\/wp-content\/uploads\/2025\/12\/calculadora-afoch.png\" class=\"attachment-full size-full wp-image-1331\" alt=\"calculadora afoch\" title=\"Espacio Socios\" srcset=\"https:\/\/afoch.cl\/site\/wp-content\/uploads\/2025\/12\/calculadora-afoch.png 1080w, https:\/\/afoch.cl\/site\/wp-content\/uploads\/2025\/12\/calculadora-afoch-300x300.png 300w, https:\/\/afoch.cl\/site\/wp-content\/uploads\/2025\/12\/calculadora-afoch-1024x1024.png 1024w, https:\/\/afoch.cl\/site\/wp-content\/uploads\/2025\/12\/calculadora-afoch-150x150.png 150w, https:\/\/afoch.cl\/site\/wp-content\/uploads\/2025\/12\/calculadora-afoch-768x768.png 768w\" sizes=\"(max-width: 1080px) 100vw, 1080px\" \/><\/a><\/figure><div class=\"elementor-image-box-content\"><h5 class=\"elementor-image-box-title\"><a href=\"https:\/\/afoch.cl\/site\/wp-content\/uploads\/2025\/12\/CHECKLIST-MOCHILA-AFOCH.pdf\">CALCULADORA DE PRECIOS<\/a><\/h5><p class=\"elementor-image-box-description\">\u00bfEsa sensaci\u00f3n de p\u00e1nico al pensar que olvidaste la memoria o la bater\u00eda? Desapar\u00e9cela para siempre.\n\na\"El problema eterno del fot\u00f3grafo: Te piden un presupuesto y te congelas. \u00bfCu\u00e1nto cobro? \u00bfSi cobro mucho me dicen que no? \u00bfSi cobro poco pierdo plata?\n\nDeja de adivinar. Hemos creado la Primera Calculadora Interactiva para Fot\u00f3grafos en Chile.\n\n\u00bfQu\u00e9 hace esta App?\n\nAnaliza tus Costos de Vida: Ingresas tu sueldo deseado, arriendo, internet y valor de equipos.\n\nCalcula tu Hora Real: Te dice cu\u00e1nto te cuesta realmente levantar la c\u00e1mara (incluso si est\u00e1s empezando).\n\nCotiza Proyectos: Le dices cu\u00e1ntas horas disparas y cu\u00e1ntas editas, y te da el Precio Sugerido exacto para ganar dinero, no solo para cubrir costos.\n\nEsta herramienta vive en nuestra web y guarda tus datos de forma privada en tu navegador. Tu asistente financiero 24\/7.<\/p><\/div><\/div>\t\t\t\t<\/div>\n\t\t\t\t<div class=\"elementor-element elementor-element-de7e7b6 elementor-align-center elementor-widget elementor-widget-button\" data-id=\"de7e7b6\" data-element_type=\"widget\" data-e-type=\"widget\" data-widget_type=\"button.default\">\n\t\t\t\t\t\t\t\t\t\t<a class=\"elementor-button elementor-button-link elementor-size-sm\" href=\"https:\/\/afoch.cl\/site\/wp-content\/uploads\/2025\/12\/Hoja-de-Ruta-AFOCH.pdf\">\n\t\t\t\t\t\t<span class=\"elementor-button-content-wrapper\">\n\t\t\t\t\t\t\t\t\t<span class=\"elementor-button-text\">Ver el Mapa<\/span>\n\t\t\t\t\t<\/span>\n\t\t\t\t\t<\/a>\n\t\t\t\t\t\t\t\t<\/div>\n\t\t\t\t<div class=\"elementor-element elementor-element-f9df523 elementor-align-center elementor-widget elementor-widget-button\" data-id=\"f9df523\" data-element_type=\"widget\" data-e-type=\"widget\" data-widget_type=\"button.default\">\n\t\t\t\t\t\t\t\t\t\t<a class=\"elementor-button elementor-button-link elementor-size-sm\" href=\"https:\/\/afoch.cl\/site\/wp-content\/uploads\/2025\/12\/Guia-Compras-AFOCH.pdf\">\n\t\t\t\t\t\t<span class=\"elementor-button-content-wrapper\">\n\t\t\t\t\t\t\t\t\t<span class=\"elementor-button-text\">Obtener Gu\u00eda<\/span>\n\t\t\t\t\t<\/span>\n\t\t\t\t\t<\/a>\n\t\t\t\t\t\t\t\t<\/div>\n\t\t\t\t<div class=\"elementor-element elementor-element-8640814 elementor-align-center elementor-widget elementor-widget-button\" data-id=\"8640814\" data-element_type=\"widget\" data-e-type=\"widget\" data-widget_type=\"button.default\">\n\t\t\t\t\t\t\t\t\t\t<a class=\"elementor-button elementor-button-link elementor-size-sm\" href=\"https:\/\/afoch.cl\/site\/herramientas\/calculadora-afoch-2\/\">\n\t\t\t\t\t\t<span class=\"elementor-button-content-wrapper\">\n\t\t\t\t\t\t\t\t\t<span class=\"elementor-button-text\">Acceder la app<\/span>\n\t\t\t\t\t<\/span>\n\t\t\t\t\t<\/a>\n\t\t\t\t\t\t\t\t<\/div>\n\t\t\t\t\t<\/div>\n\t\t\t\t<\/div>\n\t\t<div class=\"elementor-element elementor-element-c560e02 e-flex e-con-boxed e-con e-parent\" data-id=\"c560e02\" data-element_type=\"container\" data-e-type=\"container\">\n\t\t\t\t\t<div class=\"e-con-inner\">\n\t\t\t\t\t<\/div>\n\t\t\t\t<\/div>\n\t\t\t\t<\/div>\n\t\t","protected":false},"excerpt":{"rendered":"<p>Herramientas Bienvenido a la Base de Conocimiento para Fot\u00f3grafos Profesionales. Aqu\u00ed encontrar\u00e1s todas tus fichas t\u00e9cnicas, plantillas y e-books. Estamos constantemente subiendo el material. \u00a1Rev\u00edsalo siempre! Modelo de Contrato de Servicios El error #1 de los fot\u00f3grafos es trabajar &#8216;de palabra&#8217;. Protege tu trabajo, asegura tus pagos y deja claros los derechos de autor desde [&hellip;]<\/p>\n","protected":false},"author":1,"featured_media":0,"parent":0,"menu_order":0,"comment_status":"closed","ping_status":"closed","template":"elementor_theme","meta":{"pagelayer_contact_templates":[],"_pagelayer_content":"","_surecart_dashboard_logo_width":"180px","_surecart_dashboard_show_logo":true,"_surecart_dashboard_navigation_orders":true,"_surecart_dashboard_navigation_invoices":true,"_surecart_dashboard_navigation_subscriptions":true,"_surecart_dashboard_navigation_downloads":true,"_surecart_dashboard_navigation_billing":true,"_surecart_dashboard_navigation_account":true,"site-sidebar-layout":"no-sidebar","site-content-layout":"page-builder","ast-site-content-layout":"full-width-container","site-content-style":"default","site-sidebar-style":"default","ast-global-header-display":"","ast-banner-title-visibility":"","ast-main-header-display":"","ast-hfb-above-header-display":"","ast-hfb-below-header-display":"","ast-hfb-mobile-header-display":"","site-post-title":"disabled","ast-breadcrumbs-content":"","ast-featured-img":"disabled","footer-sml-layout":"","ast-disable-related-posts":"","theme-transparent-header-meta":"","adv-header-id-meta":"","stick-header-meta":"","header-above-stick-meta":"","header-main-stick-meta":"","header-below-stick-meta":"","astra-migrate-meta-layouts":"default","ast-page-background-enabled":"default","ast-page-background-meta":{"desktop":{"background-color":"","background-image":"","background-repeat":"repeat","background-position":"center center","background-size":"auto","background-attachment":"scroll","background-type":"","background-media":"","overlay-type":"","overlay-color":"","overlay-opacity":"","overlay-gradient":""},"tablet":{"background-color":"","background-image":"","background-repeat":"repeat","background-position":"center center","background-size":"auto","background-attachment":"scroll","background-type":"","background-media":"","overlay-type":"","overlay-color":"","overlay-opacity":"","overlay-gradient":""},"mobile":{"background-color":"","background-image":"","background-repeat":"repeat","background-position":"center center","background-size":"auto","background-attachment":"scroll","background-type":"","background-media":"","overlay-type":"","overlay-color":"","overlay-opacity":"","overlay-gradient":""}},"ast-content-background-meta":{"desktop":{"background-color":"var(--ast-global-color-5)","background-image":"","background-repeat":"repeat","background-position":"center center","background-size":"auto","background-attachment":"scroll","background-type":"","background-media":"","overlay-type":"","overlay-color":"","overlay-opacity":"","overlay-gradient":""},"tablet":{"background-color":"var(--ast-global-color-5)","background-image":"","background-repeat":"repeat","background-position":"center center","background-size":"auto","background-attachment":"scroll","background-type":"","background-media":"","overlay-type":"","overlay-color":"","overlay-opacity":"","overlay-gradient":""},"mobile":{"background-color":"var(--ast-global-color-5)","background-image":"","background-repeat":"repeat","background-position":"center center","background-size":"auto","background-attachment":"scroll","background-type":"","background-media":"","overlay-type":"","overlay-color":"","overlay-opacity":"","overlay-gradient":""}},"footnotes":""},"class_list":["post-1179","page","type-page","status-publish","hentry"],"_links":{"self":[{"href":"https:\/\/afoch.cl\/site\/wp-json\/wp\/v2\/pages\/1179","targetHints":{"allow":["GET"]}}],"collection":[{"href":"https:\/\/afoch.cl\/site\/wp-json\/wp\/v2\/pages"}],"about":[{"href":"https:\/\/afoch.cl\/site\/wp-json\/wp\/v2\/types\/page"}],"author":[{"embeddable":true,"href":"https:\/\/afoch.cl\/site\/wp-json\/wp\/v2\/users\/1"}],"replies":[{"embeddable":true,"href":"https:\/\/afoch.cl\/site\/wp-json\/wp\/v2\/comments?post=1179"}],"version-history":[{"count":24,"href":"https:\/\/afoch.cl\/site\/wp-json\/wp\/v2\/pages\/1179\/revisions"}],"predecessor-version":[{"id":1510,"href":"https:\/\/afoch.cl\/site\/wp-json\/wp\/v2\/pages\/1179\/revisions\/1510"}],"wp:attachment":[{"href":"https:\/\/afoch.cl\/site\/wp-json\/wp\/v2\/media?parent=1179"}],"curies":[{"name":"wp","href":"https:\/\/api.w.org\/{rel}","templated":true}]}}